{"id":532,"date":"2024-06-24T17:30:29","date_gmt":"2024-06-24T17:30:29","guid":{"rendered":"https:\/\/www.co.systemsofus.ch\/?page_id=532"},"modified":"2026-02-02T07:25:38","modified_gmt":"2026-02-02T07:25:38","slug":"elementor-532","status":"publish","type":"page","link":"https:\/\/www.systemsofus.ch\/en\/elementor-532\/","title":{"rendered":"Impressum"},"content":{"rendered":"<div data-elementor-type=\"wp-page\" data-elementor-id=\"532\" class=\"elementor elementor-532\">\n\t\t\t\t<div class=\"elementor-element elementor-element-e2bf465 e-flex e-con-boxed e-con e-parent\" data-id=\"e2bf465\" data-element_type=\"container\">\n\t\t\t\t\t<div class=\"e-con-inner\">\n\t\t\t\t<div class=\"elementor-element elementor-element-e29c011 elementor-widget elementor-widget-text-editor\" data-id=\"e29c011\" data-element_type=\"widget\" data-widget_type=\"text-editor.default\">\n\t\t\t\t<div class=\"elementor-widget-container\">\n\t\t\t<style>\/*! elementor - v3.21.0 - 26-05-2024 *\/\n.elementor-widget-text-editor.elementor-drop-cap-view-stacked .elementor-drop-cap{background-color:#69727d;color:#fff}.elementor-widget-text-editor.elementor-drop-cap-view-framed .elementor-drop-cap{color:#69727d;border:3px solid;background-color:transparent}.elementor-widget-text-editor:not(.elementor-drop-cap-view-default) .elementor-drop-cap{margin-top:8px}.elementor-widget-text-editor:not(.elementor-drop-cap-view-default) .elementor-drop-cap-letter{width:1em;height:1em}.elementor-widget-text-editor .elementor-drop-cap{float:left;text-align:center;line-height:1;font-size:50px}.elementor-widget-text-editor .elementor-drop-cap-letter{display:inline-block}<\/style>\t\t\t\t<h1>Impressum<\/h1><p>Systems of Us<\/p><p>Michelle Novak<\/p><p>Gussstrasse 50<\/p><p>8180 B\u00fclach<\/p><p>Telefon: +41 76 501 15 14<br \/>E-Mail: mail@systemsofus.ch<br \/>Website: www.systemsofus.ch<\/p><h3>Urheberrecht und Bildnachweis<\/h3><p>Alle auf dieser Webseite verwendeten Bilder und Grafiken sind Eigentum von Michelle Novak, sofern nicht anders angegeben. Die Verwendung oder Vervielf\u00e4ltigung dieser Bilder und Grafiken in anderen elektronischen oder gedruckten Publikationen ist ohne ausdr\u00fcckliche Zustimmung von Michelle Novak nicht gestattet.<br \/>Soweit Bilder und Grafiken von Dritten verwendet wurden, sind die Urheberrechte dieser Dritten beachtet und entsprechend gekennzeichnet. Bei Fragen zu den Bildern und Grafiken auf dieser Webseite oder zur Erlaubnis zur Nutzung wenden Sie sich bitte an Michelle Novak.<\/p><h3>Haftung f\u00fcr Inhalte<\/h3><p>Die Inhalte dieser Webseite wurden mit gr\u00f6sster Sorgfalt erstellt. F\u00fcr die Richtigkeit, Vollst\u00e4ndigkeit und Aktualit\u00e4t der Inhalte kann Bianca Wyrsch jedoch keine Gew\u00e4hr \u00fcbernehmen.<\/p><h3>Haftung f\u00fcr Links<\/h3><p>Diese Webseite enth\u00e4lt Links zu externen Webseiten Dritter, auf deren Inhalte ich keinen Einfluss habe. F\u00fcr die Inhalte der verlinkten Seiten ist stets der jeweilige Anbieter oder Betreiber der Seiten verantwortlich.<\/p><h3>Datenschutzerkl\u00e4rung<\/h3><p>Willkommen auf meiner Webseite www.systemsofus.ch. Die nachfolgende Datenschutzerkl\u00e4rung gilt f\u00fcr die Nutzung meiner Webseite sowie der darauf angebotenen Dienstleistungen. Die vorliegende Datenschutzerkl\u00e4rung informiert Sie \u00fcber die Erhebung personenbezogener Daten w\u00e4hrend Ihres Besuchs auf dieser Webseite. Mit der Nutzung dieser Webseite erkl\u00e4ren Sie sich mit der Bearbeitung Ihrer Personendaten gem\u00e4ss der vorliegenden Datenschutzerkl\u00e4rung einverstanden.<br \/>Die Erhebung und die Verarbeitung Ihrer personenbezogenen Daten geschehen unter Beachtung der geltenden datenschutzrechtlichen Gesetze und Anforderungen. Im \u00fcbrigen lehne ich jegliche Haftung bei der Nutzung dieser Webseite ab.<br \/>Grunds\u00e4tzlich biete ich meine Dienstleistungen nur in der Schweiz an. Diese richten sich an in der Schweiz wohnhafte Personen.<\/p><h3>Erfassung von allgemeinen Daten und Informationen<\/h3><p>Mit jedem Aufruf der Webseite werden eine Reihe von allgemeinen Daten und Informationen erfasst. Diese allgemeinen Daten und Informationen werden in den Logfiles des Servers gespeichert. Erfasst werden k\u00f6nnen (1) die verwendeten Browsertypen und Versionen, (2) das vom zugreifenden System verwendete Betriebssystem, (3) die Webseite, von welcher ein zugreifendes System auf unsere Webseite gelangt (sogenannte Referrer), (4) die Unterwebseiten, welche \u00fcber ein zugreifendes System auf unserer Webseite angesteuert werden, (5) das Datum und die Uhrzeit eines Zugriffs auf die Webseite, (6) eine Internet-Protokoll-Adresse (IP-Adresse), (7) der Internet-Service-Provider des zugreifenden Systems und (8) sonstige \u00e4hnliche Daten und Informationen, die der Gefahrenabwehr im Falle von Angriffen auf meine IT-Infrastruktur dienen.<br \/>Diese Daten und Informationen werden ben\u00f6tigt, um (1) die Inhalte unserer Webseite korrekt darzustellen, (2) die Inhalte unserer Webseite zu optimieren, (3) die dauerhafte Funktionsf\u00e4higkeit unserer IT-Infrastruktur und der Technik unserer Webseite zu gew\u00e4hrleisten sowie um (4) im Falle eines Cyberangriffes den Strafverfolgungsbeh\u00f6rden die notwendigen Informationen bereitzustellen.<br \/>Weiter kann ich diese Daten und Informationen einerseits statistisch und ferner mit dem Ziel auswerten, den Datenschutz und die Datensicherheit ihrer IT-Infrastruktur zu erh\u00f6hen. Die erhobenen Daten und Informationen werden nur zu den eben erw\u00e4hnten Zwecken anonym bearbeitet.<\/p><h3>Links anderer Webseiten<\/h3><p>Diese Webseite kann Links zu Webseiten anderer Anbieter enthalten. Ich habe keinen Einfluss auf diese Webseiten, deren Inhalte, Angebote oder Verf\u00fcgbarkeit oder die dort geltenden Datenschutzerkl\u00e4rungen und -bestimmungen. Ich lehne daher jegliche Haftung ab.<\/p><h3>Cookies und weitere Serviceangebote<\/h3><p>Ich kann auf meiner Webseite Cookies verwenden. Cookies enthalten eine sogenannte Cookie-ID, eine eindeutige Kennung des Cookies, welche Webseiten und Server einem konkreten Internetbrowser zuordnet. Ein bestimmter Internetbrowser kann \u00fcber diese eindeutige Cookie-ID wiedererkannt und identifiziert werden.<br \/>Solche Informationen \u00fcber die Nutzung dieser Webseite (einschliesslich Ihrer IP-Adresse) k\u00f6nnen z.B. im Falle von Google Analytics an Server im Ausland \u00fcbertragen und dort gespeichert werden. Mit der Nutzung unserer Webseite erkl\u00e4ren Sie sich einverstanden mit der \u00dcbertragung dieser Daten.<br \/>Ich kann weitere Serviceangebote von Drittanbietern nutzen, um deren Inhalte und Services wie z.B. Videos oder Beitr\u00e4ge in die Webseite einzubinden. Eine entsprechende Einbindung setzt immer voraus, dass diese Drittanbieter die IP-Adresse und weitere Informationen der Besucher dieser Webseite erfassen und verarbeiten k\u00f6nnen. Mit der Nutzung unserer Webseite erkl\u00e4ren Sie sich damit einverstanden.<\/p><h3>Social Media \/ Soziale Netzwerke<\/h3><p>Auf dieser Webseite k\u00f6nnen Schaltfl\u00e4chen (\u00abSocial-Media-Plugins\u00bb) platziert sein, die einen Kontakt mit den Servern von sozialen Netzwerken (Facebook, Twitter, Instagram etc.) herstellen. Mit dem Klick auf einen dieser Buttons erteilen Sie Ihre Zustimmung, dass notwendige Daten wie IP-Adresse, Besuch der Webseite u.a. an den jeweiligen Betreiber des sozialen Netzwerks \u00fcbermittelt werden.<\/p><h3>Kommunikationsm\u00f6glichkeiten<\/h3><p>Diese Webseite enth\u00e4lt gewisse Angaben, die eine schnelle elektronische Kontaktaufnahme sowie eine unmittelbare Kommunikation erm\u00f6glichen, was ebenfalls eine allgemeine E-Mail-Adresse umfasst. Nehmen Sie \u00fcber die auf unserer Webseite angebotenen Kommunikationsm\u00f6glichkeiten Kontakt mit uns auf, werden Ihre Kontaktangaben und Inhalte zur Bearbeitung und Beantwortung Ihrer Anfrage verwendet. Bitte beachten Sie: Es kann nicht sichergestellt werden, dass Ihre Daten vertraulich \u00fcbermittelt werden. Deshalb sollen bei dieser Kontaktaufnahme keine vertraulichen Daten (medizinische Anliegen etc.) \u00fcbermittelt werden.<\/p><h3>Ihre Rechte<\/h3><p>Gest\u00fctzt auf das Datenschutzgesetz haben Sie verschiedene Rechte wie beispielsweise ein Auskunftsrecht. Zur Geltendmachung Ihrer Rechte setzen Sie sich bitte mit mir in Verbindung. Wir stehen Ihnen f\u00fcr weitere diesbez\u00fcgliche Informationen gerne zur Verf\u00fcgung.<\/p><h3>\u00c4nderungen<\/h3><p>Ich kann diese Datenschutzerkl\u00e4rung jederzeit ohne Vorank\u00fcndigung anpassen. Es gilt die jeweils aktuelle, auf der Webseite publizierte Fassung. Soweit die Datenschutzerkl\u00e4rung Teil eines Vertrages mit Ihnen ist, werden wir Sie im Falle einer Aktualisierung \u00fcber die \u00c4nderung per E-Mail oder auf andere geeignete Weise informieren.<\/p><p>01.01.2026<\/p>\t\t\t\t\t\t<\/div>\n\t\t\t\t<\/div>\n\t\t\t\t\t<\/div>\n\t\t\t\t<\/div>\n\t\t\t\t<\/div>","protected":false},"excerpt":{"rendered":"<p>Impressum Systems of Us Michelle Novak Gussstrasse 50 8180 B\u00fclach Telefon: +41 76 501 15 14E-Mail: mail@systemsofus.chWebsite: www.systemsofus.ch Urheberrecht und Bildnachweis Alle auf dieser Webseite verwendeten Bilder und Grafiken sind Eigentum von Michelle Novak, sofern nicht anders angegeben. Die Verwendung oder Vervielf\u00e4ltigung dieser Bilder und Grafiken in anderen elektronischen oder gedruckten Publikationen ist ohne ausdr\u00fcckliche [&hellip;]<\/p>\n","protected":false},"author":1,"featured_media":0,"parent":0,"menu_order":0,"comment_status":"closed","ping_status":"closed","template":"","meta":{"footnotes":""},"class_list":["post-532","page","type-page","status-publish","hentry"],"_links":{"self":[{"href":"https:\/\/www.systemsofus.ch\/en\/wp-json\/wp\/v2\/pages\/532","targetHints":{"allow":["GET"]}}],"collection":[{"href":"https:\/\/www.systemsofus.ch\/en\/wp-json\/wp\/v2\/pages"}],"about":[{"href":"https:\/\/www.systemsofus.ch\/en\/wp-json\/wp\/v2\/types\/page"}],"author":[{"embeddable":true,"href":"https:\/\/www.systemsofus.ch\/en\/wp-json\/wp\/v2\/users\/1"}],"replies":[{"embeddable":true,"href":"https:\/\/www.systemsofus.ch\/en\/wp-json\/wp\/v2\/comments?post=532"}],"version-history":[{"count":22,"href":"https:\/\/www.systemsofus.ch\/en\/wp-json\/wp\/v2\/pages\/532\/revisions"}],"predecessor-version":[{"id":3045,"href":"https:\/\/www.systemsofus.ch\/en\/wp-json\/wp\/v2\/pages\/532\/revisions\/3045"}],"wp:attachment":[{"href":"https:\/\/www.systemsofus.ch\/en\/wp-json\/wp\/v2\/media?parent=532"}],"curies":[{"name":"wp","href":"https:\/\/api.w.org\/{rel}","templated":true}]}}